{"id":735,"date":"2021-07-26T14:43:54","date_gmt":"2021-07-26T14:43:54","guid":{"rendered":"https:\/\/barceltecnica.basic-dev.com\/lojas\/"},"modified":"2021-09-20T10:50:18","modified_gmt":"2021-09-20T10:50:18","slug":"shops","status":"publish","type":"page","link":"https:\/\/www.barceltecnica.com\/en\/shops\/","title":{"rendered":"Shops"},"content":{"rendered":"<h2><span>A Barcelt\u00e9cnica<\/span> orgulha-se de ser uma das principais empresas de distribui\u00e7\u00e3o de material el\u00e9ctrico, oferecendo um atendimento personalizado, com qualidade.<\/h2>\n","protected":false},"excerpt":{"rendered":"<p>A Barcelt\u00e9cnica orgulha-se de ser uma das principais empresas de distribui\u00e7\u00e3o de material el\u00e9ctrico, oferecendo um atendimento personalizado, com qualidade.<\/p>\n","protected":false},"author":1,"featured_media":0,"parent":0,"menu_order":0,"comment_status":"closed","ping_status":"closed","template":"templates\/lojas.php","meta":[],"_links":{"self":[{"href":"https:\/\/www.barceltecnica.com\/en\/wp-json\/wp\/v2\/pages\/735"}],"collection":[{"href":"https:\/\/www.barceltecnica.com\/en\/wp-json\/wp\/v2\/pages"}],"about":[{"href":"https:\/\/www.barceltecnica.com\/en\/wp-json\/wp\/v2\/types\/page"}],"author":[{"embeddable":true,"href":"https:\/\/www.barceltecnica.com\/en\/wp-json\/wp\/v2\/users\/1"}],"replies":[{"embeddable":true,"href":"https:\/\/www.barceltecnica.com\/en\/wp-json\/wp\/v2\/comments?post=735"}],"version-history":[{"count":1,"href":"https:\/\/www.barceltecnica.com\/en\/wp-json\/wp\/v2\/pages\/735\/revisions"}],"predecessor-version":[{"id":736,"href":"https:\/\/www.barceltecnica.com\/en\/wp-json\/wp\/v2\/pages\/735\/revisions\/736"}],"wp:attachment":[{"href":"https:\/\/www.barceltecnica.com\/en\/wp-json\/wp\/v2\/media?parent=735"}],"curies":[{"name":"wp","href":"https:\/\/api.w.org\/{rel}","templated":true}]}}